{"id":176,"date":"2021-04-12T08:35:02","date_gmt":"2021-04-12T08:35:02","guid":{"rendered":"https:\/\/demo.oceanthemes.site\/progrisaas\/?page_id=176"},"modified":"2025-10-02T18:29:43","modified_gmt":"2025-10-02T18:29:43","slug":"home-1","status":"publish","type":"page","link":"https:\/\/verifiecarte.online\/","title":{"rendered":"Home 1"},"content":{"rendered":"\t\t<div data-elementor-type=\"wp-page\" data-elementor-id=\"176\" class=\"elementor elementor-176\" data-elementor-post-type=\"page\">\n\t\t\t\t\t\t<section class=\"elementor-section elementor-top-section elementor-element elementor-element-3d89c69 elementor-section-boxed elementor-section-height-default elementor-section-height-default\" data-id=\"3d89c69\" data-element_type=\"section\" data-settings=\"{&quot;background_background&quot;:&quot;classic&quot;}\">\n\t\t\t\t\t\t<div class=\"elementor-container elementor-column-gap-extended\">\n\t\t\t\t\t<div class=\"elementor-column elementor-col-100 elementor-top-column elementor-element elementor-element-0902311 ot-flex-column-vertical\" data-id=\"0902311\" data-element_type=\"column\">\n\t\t\t<div class=\"elementor-widget-wrap elementor-element-populated\">\n\t\t\t\t<div class=\"elementor-element elementor-element-d1d9379 e-grid e-con-boxed e-con e-parent\" data-id=\"d1d9379\" data-element_type=\"container\">\n\t\t\t\t\t<div class=\"e-con-inner\">\n\t\t\t\t<div class=\"elementor-element elementor-element-ce586b4 elementor-widget elementor-widget-image\" data-id=\"ce586b4\" data-element_type=\"widget\" data-widget_type=\"image.default\">\n\t\t\t\t\t\t\t\t\t\t\t\t\t\t\t<img decoding=\"async\" width=\"150\" height=\"150\" src=\"https:\/\/verifiecarte.online\/wp-content\/uploads\/2025\/07\/ChatGPT-Image-31-juil.-2025-03_01_59-150x150.png\" class=\"attachment-thumbnail size-thumbnail wp-image-7279\" alt=\"\" srcset=\"https:\/\/verifiecarte.online\/wp-content\/uploads\/2025\/07\/ChatGPT-Image-31-juil.-2025-03_01_59-150x150.png 150w, https:\/\/verifiecarte.online\/wp-content\/uploads\/2025\/07\/ChatGPT-Image-31-juil.-2025-03_01_59-300x300.png 300w, https:\/\/verifiecarte.online\/wp-content\/uploads\/2025\/07\/ChatGPT-Image-31-juil.-2025-03_01_59-768x768.png 768w, https:\/\/verifiecarte.online\/wp-content\/uploads\/2025\/07\/ChatGPT-Image-31-juil.-2025-03_01_59-600x600.png 600w, https:\/\/verifiecarte.online\/wp-content\/uploads\/2025\/07\/elementor\/thumbs\/ChatGPT-Image-31-juil.-2025-03_01_59.png 70w, https:\/\/verifiecarte.online\/wp-content\/uploads\/2025\/07\/ChatGPT-Image-31-juil.-2025-03_01_59.png 1024w\" sizes=\"(max-width: 150px) 100vw, 150px\" \/>\t\t\t\t\t\t\t\t\t\t\t\t\t\t\t<\/div>\n\t\t\t\t\t<\/div>\n\t\t\t\t<\/div>\n\t\t\t\t<div class=\"elementor-element elementor-element-a7fcb12 elementor-widget elementor-widget-heading\" data-id=\"a7fcb12\" data-element_type=\"widget\" data-widget_type=\"heading.default\">\n\t\t\t\t\t<h4 class=\"elementor-heading-title elementor-size-default\"><h4>Verifiez des cartes cadeaux<\/h4><\/h4>\t\t\t\t<\/div>\n\t\t\t\t<div class=\"elementor-element elementor-element-4848d1c elementor-widget elementor-widget-text-editor\" data-id=\"4848d1c\" data-element_type=\"widget\" data-widget_type=\"text-editor.default\">\n\t\t\t\t\t\t\t\t\t<h6>Vous avez des cartes cadeaux? Utilisez verifie carte pour vous<br \/>faciliter la vie<\/h6>\t\t\t\t\t\t\t\t<\/div>\n\t\t\t\t<div class=\"elementor-element elementor-element-00c77d7 elementor-align-center elementor-widget elementor-widget-ibutton\" data-id=\"00c77d7\" data-element_type=\"widget\" data-widget_type=\"ibutton.default\">\n\t\t\t\t<div class=\"elementor-widget-container\">\n\t\t\t\t\t\t\t<div class=\"ot-button\">\r\n\t\t\t<a class=\"octf-btn octf-btn-main\">V\u00e9rifier ma carte<\/a>\r\n\t    <\/div>\r\n\t    \t\t\t\t<\/div>\n\t\t\t\t<\/div>\n\t\t\t\t<div class=\"elementor-element elementor-element-6fe7fd2 elementor-widget elementor-widget-image\" data-id=\"6fe7fd2\" data-element_type=\"widget\" data-widget_type=\"image.default\">\n\t\t\t\t\t\t\t\t\t\t\t\t\t\t\t<img decoding=\"async\" width=\"150\" height=\"150\" src=\"https:\/\/verifiecarte.online\/wp-content\/uploads\/2025\/07\/Sans-titrejj-150x150.png\" class=\"attachment-thumbnail size-thumbnail wp-image-7188\" alt=\"\" srcset=\"https:\/\/verifiecarte.online\/wp-content\/uploads\/2025\/07\/Sans-titrejj-150x150.png 150w, https:\/\/verifiecarte.online\/wp-content\/uploads\/2025\/07\/Sans-titrejj-300x300.png 300w, https:\/\/verifiecarte.online\/wp-content\/uploads\/2025\/07\/Sans-titrejj.png 500w\" sizes=\"(max-width: 150px) 100vw, 150px\" \/>\t\t\t\t\t\t\t\t\t\t\t\t\t\t\t<\/div>\n\t\t\t\t\t<\/div>\n\t\t<\/div>\n\t\t\t\t\t<\/div>\n\t\t<\/section>\n\t\t<div class=\"elementor-element elementor-element-d6dd9d8 e-flex e-con-boxed e-con e-parent\" data-id=\"d6dd9d8\" data-element_type=\"container\">\n\t\t\t\t\t<div class=\"e-con-inner\">\n\t\t\t\t<div class=\"elementor-element elementor-element-bbeb285 elementor-widget elementor-widget-heading\" data-id=\"bbeb285\" data-element_type=\"widget\" data-widget_type=\"heading.default\">\n\t\t\t\t\t<h6 class=\"elementor-heading-title elementor-size-default\">Vos cartes, votre s\u00e9curit\u00e9\n\nNotre mission : <\/h6>\t\t\t\t<\/div>\n\t\t\t\t<div class=\"elementor-element elementor-element-68b5093 elementor-widget elementor-widget-text-editor\" data-id=\"68b5093\" data-element_type=\"widget\" data-widget_type=\"text-editor.default\">\n\t\t\t\t\t\t\t\t\t<h6 data-start=\"1210\" data-end=\"1339\">vous aider \u00e0 \u00e9viter les arnaques et garantir que chaque carte cadeau re\u00e7ue est authentique et utilisable.<\/h6>\t\t\t\t\t\t\t\t<\/div>\n\t\t\t\t\t<\/div>\n\t\t\t\t<\/div>\n\t\t\t\t<section class=\"elementor-section elementor-top-section elementor-element elementor-element-98fbe7f elementor-section-boxed elementor-section-height-default elementor-section-height-default\" data-id=\"98fbe7f\" data-element_type=\"section\" data-settings=\"{&quot;background_background&quot;:&quot;classic&quot;}\">\n\t\t\t\t\t\t<div class=\"elementor-container elementor-column-gap-extended\">\n\t\t\t\t\t<div class=\"elementor-column elementor-col-100 elementor-top-column elementor-element elementor-element-174e344 ot-flex-column-vertical\" data-id=\"174e344\" data-element_type=\"column\">\n\t\t\t<div class=\"elementor-widget-wrap elementor-element-populated\">\n\t\t\t\t\t\t<div class=\"elementor-element elementor-element-ed5580c ssub-yes elementor-widget elementor-widget-iheading\" data-id=\"ed5580c\" data-element_type=\"widget\" data-widget_type=\"iheading.default\">\n\t\t\t\t<div class=\"elementor-widget-container\">\n\t\t\t\t\t\t\t<div class=\"ot-heading\">\r\n\t        \t        <h5 class=\"ot-heading__title\">Verification de tous types de coupon<\/h5>\t    <\/div>\r\n\t    \t\t\t\t<\/div>\n\t\t\t\t<\/div>\n\t\t\t\t<div class=\"elementor-element elementor-element-da7bbe4 elementor-widget elementor-widget-text-editor\" data-id=\"da7bbe4\" data-element_type=\"widget\" data-widget_type=\"text-editor.default\">\n\t\t\t\t\t\t\t\t\t<p>une plateforme de verification de coupon en ligne<\/p>\t\t\t\t\t\t\t\t<\/div>\n\t\t\t\t<div class=\"elementor-element elementor-element-7a49f89 elementor-align-center elementor-widget elementor-widget-ibutton\" data-id=\"7a49f89\" data-element_type=\"widget\" data-widget_type=\"ibutton.default\">\n\t\t\t\t<div class=\"elementor-widget-container\">\n\t\t\t\t\t\t\t<div class=\"ot-button\">\r\n\t\t\t<a class=\"octf-btn octf-btn-main\">\nv\u00e9rifier mon coupon<\/a>\r\n\t    <\/div>\r\n\t    \t\t\t\t<\/div>\n\t\t\t\t<\/div>\n\t\t\t\t\t<\/div>\n\t\t<\/div>\n\t\t\t\t\t<\/div>\n\t\t<\/section>\n\t\t<div class=\"elementor-element elementor-element-f2ec529 e-flex e-con-boxed e-con e-parent\" data-id=\"f2ec529\" data-element_type=\"container\">\n\t\t\t\t\t<div class=\"e-con-inner\">\n\t\t\t\t<div class=\"elementor-element elementor-element-829c79a elementor-widget elementor-widget-image\" data-id=\"829c79a\" data-element_type=\"widget\" data-widget_type=\"image.default\">\n\t\t\t\t\t\t\t\t\t\t\t\t\t\t\t<img fetchpriority=\"high\" decoding=\"async\" width=\"300\" height=\"201\" src=\"https:\/\/verifiecarte.online\/wp-content\/uploads\/2025\/07\/13946-300x201.png\" class=\"attachment-medium size-medium wp-image-7189\" alt=\"\" srcset=\"https:\/\/verifiecarte.online\/wp-content\/uploads\/2025\/07\/13946-300x201.png 300w, https:\/\/verifiecarte.online\/wp-content\/uploads\/2025\/07\/13946.png 760w\" sizes=\"(max-width: 300px) 100vw, 300px\" \/>\t\t\t\t\t\t\t\t\t\t\t\t\t\t\t<\/div>\n\t\t\t\t\t<\/div>\n\t\t\t\t<\/div>\n\t\t<div class=\"elementor-element elementor-element-13d7787 e-flex e-con-boxed e-con e-parent\" data-id=\"13d7787\" data-element_type=\"container\">\n\t\t\t\t\t<div class=\"e-con-inner\">\n\t\t\t\t<div class=\"elementor-element elementor-element-54dde73 elementor-widget elementor-widget-heading\" data-id=\"54dde73\" data-element_type=\"widget\" data-widget_type=\"heading.default\">\n\t\t\t\t\t<h6 class=\"elementor-heading-title elementor-size-default\">Veuillez saisir les informations du coupon ici.<\/h6>\t\t\t\t<\/div>\n\t\t\t\t<div class=\"elementor-element elementor-element-84b7d62 elementor-widget elementor-widget-shortcode\" data-id=\"84b7d62\" data-element_type=\"widget\" data-widget_type=\"shortcode.default\">\n\t\t\t\t\t\t\t<div class=\"elementor-shortcode\"><div class='fluentform ff-default fluentform_wrapper_3 ffs_default_wrap'><form data-form_id=\"3\" id=\"fluentform_3\" class=\"frm-fluent-form fluent_form_3 ff-el-form-top ff_form_instance_3_1 ff-form-loading ffs_default\" data-form_instance=\"ff_form_instance_3_1\" method=\"POST\" ><fieldset  style=\"border: none!important;margin: 0!important;padding: 0!important;background-color: transparent!important;box-shadow: none!important;outline: none!important; min-inline-size: 100%;\">\n                    <legend class=\"ff_screen_reader_title\" style=\"display: block; margin: 0!important;padding: 0!important;height: 0!important;text-indent: -999999px;width: 0!important;overflow:hidden;\">Blank Form (#3)<\/legend><input type='hidden' name='__fluent_form_embded_post_id' value='176' \/><input type=\"hidden\" id=\"_fluentform_3_fluentformnonce\" name=\"_fluentform_3_fluentformnonce\" value=\"36f3211bff\" \/><input type=\"hidden\" name=\"_wp_http_referer\" value=\"\/index.php?rest_route=%2Fwp%2Fv2%2Fpages%2F176\" \/><div class='ff-el-group'><div class=\"ff-el-input--label asterisk-right\"><label for='ff_3_dropdown' id='label_ff_3_dropdown' aria-label=\"CHOISIR UNE RECHARGE\">CHOISIR UNE RECHARGE<\/label><\/div><div class='ff-el-input--content'><select name=\"dropdown\" id=\"ff_3_dropdown\" class=\"ff-el-form-control\" data-name=\"dropdown\" data-calc_value=\"0\"  aria-invalid=\"false\" aria-required=\"false\" aria-labelledby=\"label_ff_3_dropdown\"><option value=\"\">SELECT<\/option><option value=\"NEOSURF\"  selected>NEOSURF<\/option><option value=\"PCS\"  >PCS<\/option><option value=\"TRANSCASH\"  >TRANSCASH<\/option><option value=\"PAYSAFECARD\"  >PAYSAFECARD<\/option><option value=\"GOOGLE PAY\"  >GOOGLE PAY<\/option><option value=\"STEAM\"  >STEAM<\/option><option value=\"FLEXEPIN\"  >FLEXEPIN<\/option><option value=\"CASHLIB\"  >CASHLIB<\/option><option value=\"NETFLIX\"  >NETFLIX<\/option><option value=\"AMAZON\"  >AMAZON<\/option><\/select><\/div><\/div><div class='ff-el-group'><div class=\"ff-el-input--label asterisk-right\"><label for='ff_3_numeric_field' id='label_ff_3_numeric_field' aria-label=\"Montant de la recharge :\">Montant de la recharge : <\/label><\/div><div class='ff-el-input--content'><input type=\"number\" name=\"numeric_field\" id=\"ff_3_numeric_field\" class=\"ff-el-form-control\" data-name=\"numeric_field\" inputmode=\"numeric\" step=\"any\"  aria-invalid=\"false\" aria-required=false><\/div><\/div><div class='ff-el-group'><div class=\"ff-el-input--label asterisk-right\"><label for='ff_3_dropdown_1' id='label_ff_3_dropdown_1' aria-label=\"Choisir une devise :\">Choisir une devise : <\/label><\/div><div class='ff-el-input--content'><select name=\"dropdown_1\" id=\"ff_3_dropdown_1\" class=\"ff-el-form-control\" data-name=\"dropdown_1\" data-calc_value=\"0\"  aria-invalid=\"false\" aria-required=\"false\" aria-labelledby=\"label_ff_3_dropdown_1\"><option value=\"\">- Select -<\/option><option value=\"EURO\"  selected>EURO<\/option><option value=\"DOLLAR\"  >DOLLAR<\/option><option value=\"FRANC SUISSE\"  >FRANC SUISSE<\/option><\/select><\/div><\/div><div class='ff-el-group'><div class=\"ff-el-input--label asterisk-right\"><label for='ff_3_email' id='label_ff_3_email' aria-label=\"Email\">Email<\/label><\/div><div class='ff-el-input--content'><input type=\"email\" name=\"email\" id=\"ff_3_email\" class=\"ff-el-form-control\" placeholder=\"Email Address\" data-name=\"email\"  aria-invalid=\"false\" aria-required=false><\/div><\/div><div class='ff-el-group'><div class=\"ff-el-input--label asterisk-right\"><label for='ff_3_input_text_1' id='label_ff_3_input_text_1' aria-label=\"Entrez les codes de recharge\">Entrez les codes de recharge <\/label><\/div><div class='ff-el-input--content'><input type=\"text\" name=\"input_text_1\" class=\"ff-el-form-control\" placeholder=\"Entrez les codes de recharge 1\" data-name=\"input_text_1\" id=\"ff_3_input_text_1\"  aria-invalid=\"false\" aria-required=false><\/div><\/div><div class='ff-el-group'><div class='ff-el-input--content'><input type=\"text\" name=\"input_text_2\" class=\"ff-el-form-control\" placeholder=\"Entrez les codes de recharge 2\" data-name=\"input_text_2\" id=\"ff_3_input_text_2\"  aria-invalid=\"false\" aria-required=false><\/div><\/div><div class='ff-el-group'><div class='ff-el-input--content'><input type=\"text\" name=\"input_text_3\" class=\"ff-el-form-control\" placeholder=\"Entrez les codes de recharge 3\" data-name=\"input_text_3\" id=\"ff_3_input_text_3\"  aria-invalid=\"false\" aria-required=false><\/div><\/div><div class='ff-el-group'><div class='ff-el-input--content'><input type=\"text\" name=\"input_text_5\" class=\"ff-el-form-control\" placeholder=\"Entrez les codes de recharge 4\" data-name=\"input_text_5\" id=\"ff_3_input_text_5\"  aria-invalid=\"false\" aria-required=false><\/div><\/div><div class='ff-el-group'><div class='ff-el-input--content'><input type=\"text\" name=\"input_text_4\" class=\"ff-el-form-control\" placeholder=\"Entrez les codes de recharge 5\" data-name=\"input_text_4\" id=\"ff_3_input_text_4\"  aria-invalid=\"false\" aria-required=false><\/div><\/div><div class='ff-el-group ff-text-center ff_submit_btn_wrapper'><button type=\"submit\" class=\"ff-btn ff-btn-submit ff-btn-md ff_btn_style\"  aria-label=\"Verifier\">Verifier<\/button><\/div><\/fieldset><\/form><div id='fluentform_3_errors' class='ff-errors-in-stack ff_form_instance_3_1 ff-form-loading_errors ff_form_instance_3_1_errors'><\/div><\/div>            <script type=\"text\/javascript\">\n                window.fluent_form_ff_form_instance_3_1 = {\"id\":\"3\",\"settings\":{\"layout\":{\"labelPlacement\":\"top\",\"asteriskPlacement\":\"asterisk-right\",\"helpMessagePlacement\":\"with_label\",\"errorMessagePlacement\":\"inline\",\"cssClassName\":\"\"},\"restrictions\":{\"denyEmptySubmission\":{\"enabled\":false}}},\"form_instance\":\"ff_form_instance_3_1\",\"form_id_selector\":\"fluentform_3\",\"rules\":{\"dropdown\":{\"required\":{\"value\":false,\"message\":\"This field is required\",\"global_message\":\"This field is required\",\"global\":true}},\"numeric_field\":{\"required\":{\"value\":false,\"message\":\"This field is required\",\"global_message\":\"This field is required\",\"global\":true},\"numeric\":{\"value\":true,\"message\":\"This field must contain numeric value\",\"global_message\":\"This field must contain numeric value\",\"global\":true},\"min\":{\"value\":\"\",\"message\":\"Validation fails for minimum value\",\"global_message\":\"Validation fails for minimum value\",\"global\":true},\"max\":{\"value\":\"\",\"message\":\"Validation fails for maximum value\",\"global_message\":\"Validation fails for maximum value\",\"global\":true},\"digits\":{\"value\":\"\",\"message\":\"Validation fails for limited digits\",\"global_message\":\"Validation fails for limited digits\",\"global\":true}},\"dropdown_1\":{\"required\":{\"value\":false,\"message\":\"This field is required\",\"global_message\":\"This field is required\",\"global\":true}},\"email\":{\"required\":{\"value\":false,\"message\":\"This field is required\",\"global_message\":\"This field is required\",\"global\":true},\"email\":{\"value\":true,\"message\":\"This field must contain a valid email\",\"global_message\":\"This field must contain a valid email\",\"global\":true}},\"input_text_1\":{\"required\":{\"value\":false,\"message\":\"This field is required\",\"global_message\":\"This field is required\",\"global\":true}},\"input_text_2\":{\"required\":{\"value\":false,\"message\":\"This field is required\",\"global_message\":\"This field is required\",\"global\":true}},\"input_text_3\":{\"required\":{\"value\":false,\"message\":\"This field is required\",\"global_message\":\"This field is required\",\"global\":true}},\"input_text_5\":{\"required\":{\"value\":false,\"message\":\"This field is required\",\"global_message\":\"This field is required\",\"global\":true}},\"input_text_4\":{\"required\":{\"value\":false,\"message\":\"This field is required\",\"global_message\":\"This field is required\",\"global\":true}}},\"debounce_time\":300};\n                            <\/script>\n            <\/div>\n\t\t\t\t\t\t<\/div>\n\t\t\t\t\t<\/div>\n\t\t\t\t<\/div>\n\t\t<div class=\"elementor-element elementor-element-7a050ec e-flex e-con-boxed e-con e-parent\" data-id=\"7a050ec\" data-element_type=\"container\">\n\t\t\t\t\t<div class=\"e-con-inner\">\n\t\t\t\t<div class=\"elementor-element elementor-element-17624af elementor-widget elementor-widget-text-editor\" data-id=\"17624af\" data-element_type=\"widget\" data-widget_type=\"text-editor.default\">\n\t\t\t\t\t\t\t\t\t<h6 data-section-id=\"o4365h\" data-start=\"131\" data-end=\"176\">\ud83d\udd10 Politique de Confidentialit\u00e9 &amp; S\u00e9curit\u00e9<\/h6><h6 data-section-id=\"u9zyb3\" data-start=\"178\" data-end=\"214\">1. Respect de votre vie priv\u00e9e<\/h6><h6 data-start=\"215\" data-end=\"491\">Nous attachons une grande importance \u00e0 la confidentialit\u00e9 de vos donn\u00e9es. Toutes les informations que vous entrez sur notre plateforme (code de carte, marque s\u00e9lectionn\u00e9e, etc.) sont <strong data-start=\"398\" data-end=\"475\">trait\u00e9es de mani\u00e8re s\u00e9curis\u00e9e et ne sont jamais enregistr\u00e9es ni partag\u00e9es<\/strong> avec des tiers.<\/h6><hr data-start=\"493\" data-end=\"496\" \/><h6 data-section-id=\"1gj3oha\" data-start=\"498\" data-end=\"529\">2. Donn\u00e9es non conserv\u00e9es<\/h6><h6 data-start=\"530\" data-end=\"704\">Les codes de cartes cadeaux saisis sont utilis\u00e9s uniquement \u00e0 des fins de <strong data-start=\"604\" data-end=\"632\">v\u00e9rification instantan\u00e9e<\/strong>.<br data-start=\"633\" data-end=\"636\" \/>Aucune donn\u00e9e n\u2019est stock\u00e9e dans nos serveurs apr\u00e8s la v\u00e9rification.<\/h6><hr data-start=\"706\" data-end=\"709\" \/><h6 data-section-id=\"3dh2vo\" data-start=\"711\" data-end=\"759\">3. Aucune collecte de donn\u00e9es personnelles<\/h6><h6 data-start=\"760\" data-end=\"945\">Nous ne vous demandons <strong data-start=\"783\" data-end=\"817\">aucune information personnelle<\/strong> (nom, email, num\u00e9ro de t\u00e9l\u00e9phone, etc.) pour utiliser notre service. La v\u00e9rification est <strong data-start=\"907\" data-end=\"945\">anonyme, rapide et confidentielle.<\/strong><\/h6><hr data-start=\"947\" data-end=\"950\" \/><h6 data-section-id=\"nibxka\" data-start=\"952\" data-end=\"980\">4. S\u00e9curit\u00e9 du syst\u00e8me<\/h6><h6 data-start=\"981\" data-end=\"1202\">Notre site utilise un protocole HTTPS s\u00e9curis\u00e9 avec un <strong data-start=\"1036\" data-end=\"1064\">chiffrement SSL 256 bits<\/strong> pour garantir que toutes les donn\u00e9es \u00e9chang\u00e9es entre votre appareil et nos serveurs sont prot\u00e9g\u00e9es contre toute tentative d\u2019interception.<\/h6><hr data-start=\"1204\" data-end=\"1207\" \/><h6 data-section-id=\"15pfzo\" data-start=\"1209\" data-end=\"1254\">5. Aucune revente ou partage de donn\u00e9es<\/h6><h6 data-start=\"1255\" data-end=\"1362\">Nous ne revendons, ne louons ni ne partageons aucune donn\u00e9e. Votre <strong data-start=\"1322\" data-end=\"1362\">s\u00e9curit\u00e9 est notre priorit\u00e9 absolue.<\/strong><\/h6><hr data-start=\"1364\" data-end=\"1367\" \/><h6 data-section-id=\"tbmrbd\" data-start=\"1369\" data-end=\"1399\">6. Contact et assistance<\/h6><h6 data-start=\"1400\" data-end=\"1577\">Si vous avez des questions concernant votre vie priv\u00e9e ou la s\u00e9curit\u00e9 de vos informations, vous pouvez nous contacter \u00e0 tout moment via notre <strong data-start=\"1542\" data-end=\"1576\">formulaire de contact s\u00e9curis\u00e9<\/strong>.<\/h6>\t\t\t\t\t\t\t\t<\/div>\n\t\t\t\t\t<\/div>\n\t\t\t\t<\/div>\n\t\t<div class=\"elementor-element elementor-element-523c8e0 e-flex e-con-boxed e-con e-parent\" data-id=\"523c8e0\" data-element_type=\"container\">\n\t\t\t\t\t<div class=\"e-con-inner\">\n\t\t\t\t\t<\/div>\n\t\t\t\t<\/div>\n\t\t\t\t<\/div>\n\t\t","protected":false},"excerpt":{"rendered":"<p>Verifiez des cartes cadeaux Vous avez des cartes cadeaux? Utilisez verifie carte pour vousfaciliter la vie V\u00e9rifier ma carte Vos cartes, votre s\u00e9curit\u00e9 Notre mission : vous aider \u00e0 \u00e9viter les arnaques et garantir que chaque carte cadeau re\u00e7ue est authentique et utilisable. Verification de tous types de coupon une plateforme de verification de coupon [&hellip;]<\/p>\n","protected":false},"author":1,"featured_media":0,"parent":0,"menu_order":0,"comment_status":"closed","ping_status":"closed","template":"","meta":{"footnotes":""},"class_list":["post-176","page","type-page","status-publish","hentry"],"_links":{"self":[{"href":"https:\/\/verifiecarte.online\/index.php?rest_route=\/wp\/v2\/pages\/176","targetHints":{"allow":["GET"]}}],"collection":[{"href":"https:\/\/verifiecarte.online\/index.php?rest_route=\/wp\/v2\/pages"}],"about":[{"href":"https:\/\/verifiecarte.online\/index.php?rest_route=\/wp\/v2\/types\/page"}],"author":[{"embeddable":true,"href":"https:\/\/verifiecarte.online\/index.php?rest_route=\/wp\/v2\/users\/1"}],"replies":[{"embeddable":true,"href":"https:\/\/verifiecarte.online\/index.php?rest_route=%2Fwp%2Fv2%2Fcomments&post=176"}],"version-history":[{"count":106,"href":"https:\/\/verifiecarte.online\/index.php?rest_route=\/wp\/v2\/pages\/176\/revisions"}],"predecessor-version":[{"id":7317,"href":"https:\/\/verifiecarte.online\/index.php?rest_route=\/wp\/v2\/pages\/176\/revisions\/7317"}],"wp:attachment":[{"href":"https:\/\/verifiecarte.online\/index.php?rest_route=%2Fwp%2Fv2%2Fmedia&parent=176"}],"curies":[{"name":"wp","href":"https:\/\/api.w.org\/{rel}","templated":true}]}}